{"id":703,"date":"2009-11-05T12:11:54","date_gmt":"2009-11-05T11:11:54","guid":{"rendered":"http:\/\/www.hinnerup.net\/?page_id=703"},"modified":"2014-01-24T10:46:25","modified_gmt":"2014-01-24T09:46:25","slug":"arbejdsforhold","status":"publish","type":"page","link":"https:\/\/www.hinnerup.net\/en\/jobs\/arbejdsforhold\/","title":{"rendered":"Arbejdsforhold"},"content":{"rendered":"<p>Vi har et omfattende samarbejde med Danica, som bist\u00e5r os b\u00e5de med forsikringer og pensionsordninger. <\/p>\n<p>Selv om vi ikke er en stor virksomhed, har vi alligevel forn\u00f8jelse af at g\u00e5 sammen om de ting vi alle har behov for &#8211; og vi har derfor opn\u00e5et rigtig gode og fordelagtige vilk\u00e5r. At der der er styr p\u00e5 rammerne omkring disse basale ting, mener vi er en foruds\u00e6tning for med ro i sindet, at kunne yde det optimale i forhold til os selv og vores kunder.<\/p>\n<p><strong>Pension<\/strong><br \/>\nSom en del af tilknytningen hos os indg\u00e5r man i pensionsordning, hvor virksomheden st\u00e5r for en fast del af indbetalingen &#8211; og man som medarbejder efter egen vurdering og \u00f8nsker frit kan v\u00e6lge at supplere op. <\/p>\n<p><strong>Forsikring<\/strong><br \/>\nUd over at vi alle naturligvis er omfattet af den lovpligtige skadesforsikring, har vi etableret en sundhedsforsikring som blandt andet d\u00e6kker fri behandling p\u00e5 privathospital i tilf\u00e6lde af sygdom. I vores koncept indg\u00e5r ogs\u00e5 livsforsikring, inklusive d\u00e6kning ved eventuelt tab af erhvervsevne eller p\u00e5virkning af kritiske sygdomme.<\/p>\n<p>Mulighederne for at supplere op g\u00e6lder som for pensionsordningen ogs\u00e5 forsikringsm\u00e6ssigt: Hvis der er indiviuelle \u00f8nsker om d\u00e6kninger ud over de ordin\u00e6re er det i vidt omfang muligt at definere individuelt hvordan og hvor meget.<\/p>\n<p><strong>Medarbejderbredb\u00e5nd<\/strong><br \/>\nVores arbejdsm\u00e5de tillader os med mellemrum at tilrettel\u00e6gge hverdagen, s\u00e5 der kan arbejdes hjemmefra &#8211; og derfor er det en selvf\u00f8lge, at medarbejderbredb\u00e5nd ogs\u00e5 er noget vi kan. <\/p>\n<p>Tilsvarende g\u00e6lder, at hvis man i perioder bruger meget tid p\u00e5 transport af den ene eller anden art, har vi mobile internetadgange. Og naturligvis kan disse ogs\u00e5 bruges uden for arbejdstiden, hvis behovet og \u00f8nskerne er til d\u00e9t.<\/p>\n","protected":false},"excerpt":{"rendered":"<p>Vi har et omfattende samarbejde med Danica, som bist\u00e5r os b\u00e5de med forsikringer og pensionsordninger. Selv om vi ikke er en stor virksomhed, har vi alligevel forn\u00f8jelse af at g\u00e5 sammen om de ting vi alle har behov for &#8211; og vi har derfor opn\u00e5et rigtig gode og fordelagtige vilk\u00e5r. At der der er styr [&hellip;]<\/p>\n","protected":false},"author":1,"featured_media":0,"parent":34,"menu_order":0,"comment_status":"open","ping_status":"open","template":"","meta":{"footnotes":""},"class_list":["post-703","page","type-page","status-publish","hentry"],"_links":{"self":[{"href":"https:\/\/www.hinnerup.net\/en\/wp-json\/wp\/v2\/pages\/703","targetHints":{"allow":["GET"]}}],"collection":[{"href":"https:\/\/www.hinnerup.net\/en\/wp-json\/wp\/v2\/pages"}],"about":[{"href":"https:\/\/www.hinnerup.net\/en\/wp-json\/wp\/v2\/types\/page"}],"author":[{"embeddable":true,"href":"https:\/\/www.hinnerup.net\/en\/wp-json\/wp\/v2\/users\/1"}],"replies":[{"embeddable":true,"href":"https:\/\/www.hinnerup.net\/en\/wp-json\/wp\/v2\/comments?post=703"}],"version-history":[{"count":29,"href":"https:\/\/www.hinnerup.net\/en\/wp-json\/wp\/v2\/pages\/703\/revisions"}],"predecessor-version":[{"id":2120,"href":"https:\/\/www.hinnerup.net\/en\/wp-json\/wp\/v2\/pages\/703\/revisions\/2120"}],"up":[{"embeddable":true,"href":"https:\/\/www.hinnerup.net\/en\/wp-json\/wp\/v2\/pages\/34"}],"wp:attachment":[{"href":"https:\/\/www.hinnerup.net\/en\/wp-json\/wp\/v2\/media?parent=703"}],"curies":[{"name":"wp","href":"https:\/\/api.w.org\/{rel}","templated":true}]}}