{"id":435,"date":"2009-09-25T14:16:36","date_gmt":"2009-09-25T13:16:36","guid":{"rendered":"http:\/\/www.hinnerup.net\/?page_id=435"},"modified":"2014-01-24T10:48:25","modified_gmt":"2014-01-24T09:48:25","slug":"5-gode-grunde","status":"publish","type":"page","link":"https:\/\/www.hinnerup.net\/en\/about\/5-gode-grunde\/","title":{"rendered":"5 good reasons"},"content":{"rendered":"<p>Det har v\u00e6ret sv\u00e6rt at v\u00e6lge &#8211; men herunder har vi listet hvad vi synes er de fem bedste og vigtigste af de mange gode grunde der er for, at indg\u00e5 i et samarbejde med os.<\/p>\n<ol>\n<li style=\"padding-bottom: 1em;\">\n<strong>Vi tager samarbejdet alvorligt<\/strong><br \/>\nN\u00e5r vi er i dialog om en opgave, eller har p\u00e5taget os den, er det fordi vi er engagerede og interesserede. Vores sigte er altid langvarige relationer og samarbejder, og du kan derfor v\u00e6re sikker p\u00e5 at vi altid behandler alle kunder og alle opgaver ens: Det er afg\u00f8rende for din tillid til hvordan vi l\u00f8ser den n\u00e6ste opgave.<\/li>\n<li style=\"padding-bottom: 1em;\">\n<strong>Vi har kun f\u00f8rstehold<\/strong><br \/>\nHos os er der ikke noget andethold &#8211; og det g\u00e6lder b\u00e5de kunder og medarbejdere. De personer der bemander en given opgave, vil altid v\u00e6re de bedste til at l\u00f8se den opgave der er p\u00e5 bordet. Der er ingen grund til at bede om at f\u00e5 de bedste, eller frygte at en anden kunde f\u00e5r noget bedre: Hos os er alle kunder den vigtigste og derfor er det altid f\u00f8rsteholdet der l\u00f8ser opgaven.<\/li>\n<li style=\"padding-bottom: 1em;\">\n<strong>Vi har erfaringen<\/strong><br \/>\nM\u00e6ngden af projekter vi har gennemf\u00f8rt er rigtig stor og d\u00e6kker et utroligt bredt spekter. Det g\u00e6lder b\u00e5de med hensyn til st\u00f8rrelsen af virksomheder vi har relationer til, og st\u00f8rrelsen af de projekter vi har v\u00e6ret igennem. Al den erfaring tager vi med os ind i arbejdet med dit projekt og bruger positivt til at n\u00e5 det absolut bedst mulige resultat.<\/li>\n<li style=\"padding-bottom: 1em;\">\n<strong>Vi er pragmatiske og realistiske<\/strong><br \/>\nVi er dygtige &#8211; og vi ved det! Til geng\u00e6ld ved vi ogs\u00e5, hvor gr\u00e6nsen g\u00e5r for hvad vi kan, s\u00e5 hvis noget ligger uden for vores kompetencer eller r\u00e6kkevidde p\u00e5 anden vis, siger vi b\u00e5de til og ikke mindst fra, s\u00e5 du altid har det bedst mulige grundlag at tr\u00e6ffe beslutninger og tage stilling ud fra.<\/li>\n<li style=\"padding-bottom: 1em;\">\n<strong>Vi er her ogs\u00e5 i morgen<\/strong><br \/>\nVi har fundet vores hylde, og laver det vi er gode til og godt kan lide: S\u00e5 hvad enten du f\u00f8rst har brug for vores hj\u00e6lp n\u00e6ste gang om 5 \u00e5r, eller har et projekt der str\u00e6kker sig over de n\u00e6ste 2 \u00e5r er det vores erkl\u00e6rede m\u00e5l ogs\u00e5 at v\u00e6re der for dig d\u00e9r. Vi tror p\u00e5 ordsproget &#8220;What goes around, comes around&#8221; &#8211; og derfor yder vi altid vores bedste for dig i dag, fordi vi ved at det vil vende godt tilbage til os i morgen.<\/li>\n<\/ul>\n<p><\/p>","protected":false},"excerpt":{"rendered":"<p>Det har v\u00e6ret sv\u00e6rt at v\u00e6lge &#8211; men herunder har vi listet hvad vi synes er de fem bedste og vigtigste af de mange gode grunde der er for, at indg\u00e5 i et samarbejde med os. Vi tager samarbejdet alvorligt N\u00e5r vi er i dialog om en opgave, eller har p\u00e5taget os den, er det [&hellip;]<\/p>\n","protected":false},"author":1,"featured_media":0,"parent":7,"menu_order":1,"comment_status":"open","ping_status":"open","template":"","meta":{"footnotes":""},"class_list":["post-435","page","type-page","status-publish","hentry"],"_links":{"self":[{"href":"https:\/\/www.hinnerup.net\/en\/wp-json\/wp\/v2\/pages\/435","targetHints":{"allow":["GET"]}}],"collection":[{"href":"https:\/\/www.hinnerup.net\/en\/wp-json\/wp\/v2\/pages"}],"about":[{"href":"https:\/\/www.hinnerup.net\/en\/wp-json\/wp\/v2\/types\/page"}],"author":[{"embeddable":true,"href":"https:\/\/www.hinnerup.net\/en\/wp-json\/wp\/v2\/users\/1"}],"replies":[{"embeddable":true,"href":"https:\/\/www.hinnerup.net\/en\/wp-json\/wp\/v2\/comments?post=435"}],"version-history":[{"count":28,"href":"https:\/\/www.hinnerup.net\/en\/wp-json\/wp\/v2\/pages\/435\/revisions"}],"predecessor-version":[{"id":2122,"href":"https:\/\/www.hinnerup.net\/en\/wp-json\/wp\/v2\/pages\/435\/revisions\/2122"}],"up":[{"embeddable":true,"href":"https:\/\/www.hinnerup.net\/en\/wp-json\/wp\/v2\/pages\/7"}],"wp:attachment":[{"href":"https:\/\/www.hinnerup.net\/en\/wp-json\/wp\/v2\/media?parent=435"}],"curies":[{"name":"wp","href":"https:\/\/api.w.org\/{rel}","templated":true}]}}