{"id":2687,"date":"2018-03-23T16:08:09","date_gmt":"2018-03-23T15:08:09","guid":{"rendered":"http:\/\/www.hinnerup.net\/?page_id=2687"},"modified":"2026-04-01T16:21:26","modified_gmt":"2026-04-01T15:21:26","slug":"about-the-company-name","status":"publish","type":"page","link":"https:\/\/www.hinnerup.net\/en\/about\/about-the-company-name\/","title":{"rendered":"Om firmanavnet"},"content":{"rendered":"<p>Hvorfor hedder firmaet &#8220;Hinnerup Net&#8221;, er det ikke lidt underligt?<\/p>\n<p><img loading=\"lazy\" decoding=\"async\" src=\"\/wp-content\/uploads\/2018\/03\/wmh-1024x550.png\" alt=\"\" width=\"474\" height=\"255\" class=\"size-large wp-image-2688\" srcset=\"https:\/\/www.hinnerup.net\/wp-content\/uploads\/2018\/03\/wmh-1024x550.png 1024w, https:\/\/www.hinnerup.net\/wp-content\/uploads\/2018\/03\/wmh-300x161.png 300w, https:\/\/www.hinnerup.net\/wp-content\/uploads\/2018\/03\/wmh-768x413.png 768w, https:\/\/www.hinnerup.net\/wp-content\/uploads\/2018\/03\/wmh.png 2000w\" sizes=\"auto, (max-width: 474px) 100vw, 474px\" \/><\/p>\n<p>Tjo, det er det da. Vi leverer i hvert fald ikke netv\u00e6rksl\u00f8sninger til Hinnerup by. Men navnet er vel heller ikke mere underligt end M\u00e6rsk, gennem Peter M\u00e6rsk M\u00f8ller (1836\u20131917), som var far til rederiets grundl\u00e6gger? <\/p>\n<p>Firmaets stifter var Tobias Hinnerup, der i fordums tid (01\/08-1998) startede Hinnerup Net som enkeltmandsvirksomhed, der undervejs f\u00f8rst blev til Hinnerup Net ApS og siden til <a href=\"\/permanent\/2011\/05\/18\/stock-company-conversion\/\">Hinnerup Net A\/S<\/a>. <\/p>\n<p>At det blev Net i stedet for Dk skyldes det der i 1998 hed Hinnerup Kommune, som registrerede dom\u00e6net &#8211; og som siden trofast har betalt for at beholde det, selv om kommunen siden er forsvundet i forbindelse med sammenl\u00e6gninger.<\/p>\n<p><\/p>","protected":false},"excerpt":{"rendered":"<p>Hvorfor hedder firmaet &#8220;Hinnerup Net&#8221;, er det ikke lidt underligt? Tjo, det er det da. Vi leverer i hvert fald ikke netv\u00e6rksl\u00f8sninger til Hinnerup by. Men navnet er vel heller ikke mere underligt end M\u00e6rsk, gennem Peter M\u00e6rsk M\u00f8ller (1836\u20131917), som var far til rederiets grundl\u00e6gger? Firmaets stifter var Tobias Hinnerup, der i fordums tid [&hellip;]<\/p>\n","protected":false},"author":3,"featured_media":0,"parent":7,"menu_order":5,"comment_status":"closed","ping_status":"closed","template":"","meta":{"footnotes":""},"class_list":["post-2687","page","type-page","status-publish","hentry"],"_links":{"self":[{"href":"https:\/\/www.hinnerup.net\/en\/wp-json\/wp\/v2\/pages\/2687","targetHints":{"allow":["GET"]}}],"collection":[{"href":"https:\/\/www.hinnerup.net\/en\/wp-json\/wp\/v2\/pages"}],"about":[{"href":"https:\/\/www.hinnerup.net\/en\/wp-json\/wp\/v2\/types\/page"}],"author":[{"embeddable":true,"href":"https:\/\/www.hinnerup.net\/en\/wp-json\/wp\/v2\/users\/3"}],"replies":[{"embeddable":true,"href":"https:\/\/www.hinnerup.net\/en\/wp-json\/wp\/v2\/comments?post=2687"}],"version-history":[{"count":5,"href":"https:\/\/www.hinnerup.net\/en\/wp-json\/wp\/v2\/pages\/2687\/revisions"}],"predecessor-version":[{"id":2839,"href":"https:\/\/www.hinnerup.net\/en\/wp-json\/wp\/v2\/pages\/2687\/revisions\/2839"}],"up":[{"embeddable":true,"href":"https:\/\/www.hinnerup.net\/en\/wp-json\/wp\/v2\/pages\/7"}],"wp:attachment":[{"href":"https:\/\/www.hinnerup.net\/en\/wp-json\/wp\/v2\/media?parent=2687"}],"curies":[{"name":"wp","href":"https:\/\/api.w.org\/{rel}","templated":true}]}}