{"id":2619,"date":"2017-01-11T10:00:54","date_gmt":"2017-01-11T09:00:54","guid":{"rendered":"http:\/\/www.hinnerup.net\/?page_id=2619"},"modified":"2017-01-11T17:33:57","modified_gmt":"2017-01-11T16:33:57","slug":"microsoft-partner","status":"publish","type":"page","link":"https:\/\/www.hinnerup.net\/en\/software\/microsoft-partner\/","title":{"rendered":"Microsoft Partner"},"content":{"rendered":"<p><img decoding=\"async\" src=\"\/wp-content\/uploads\/2017\/01\/micorosft-partner-logos.png\" alt=\"\" width=\"404\" style=\"padding-bottom:2em;\" \/><\/p>\n<p>Hinnerup Net A\/S er igen i januar 2017 kvalificeret som <a href=\"\/permanent\/2017\/01\/11\/microsoft-silver-application-development-partner\/\">Microsoft Silver Application Development Partner<\/a>, sidst vi opn\u00e5ede <a href=\"\/permanent\/2013\/05\/09\/microsoft-silver-application-development-partner-status\/\">Microsoft Silver Application Development Partner<\/a> status var i maj 2013, og l\u00e6ngere tilbage i maj 2011 blev vi udn\u00e6vnt som <a href=\"\/permanent\/2011\/05\/11\/microsoft-silver-partner-isv\/\">Microsoft Silver Independent Software Vendor Partner<\/a> med speciale i softwarel\u00f8sninger.<\/p>\n<p>Vi har dermed fortsat i Hinnerup Net investeret s\u00e5vel tid og energi i at sk\u00e6rpe og m\u00e5lrette vore kompetencer indenfor Microsoft&#8217;s teknologier og platforme, og er med disse udn\u00e6vnelser blevet bel\u00f8nnet for den ekspertise og viden vi har opn\u00e5et og stadig str\u00e6ber efter.<\/p>\n<p>Dette betyder du som kunde kan regne med at du f\u00e5r:<\/p>\n<ul>\n<li>leveret kvalitetsl\u00f8sninger indenfor Microsoft&#8217;s teknologi og platform<\/li>\n<li>softwareudviklere med optimal softwarekendskab og kompetence<\/li>\n<li>et samarbejde med en softwareleverand\u00f8r der er en anerkendt Microsoft Partner<\/li>\n<\/ul>\n","protected":false},"excerpt":{"rendered":"<p>Hinnerup Net A\/S er igen i januar 2017 kvalificeret som Microsoft Silver Application Development Partner, sidst vi opn\u00e5ede Microsoft Silver Application Development Partner status var i maj 2013, og l\u00e6ngere tilbage i maj 2011 blev vi udn\u00e6vnt som Microsoft Silver Independent Software Vendor Partner med speciale i softwarel\u00f8sninger. Vi har dermed fortsat i Hinnerup Net [&hellip;]<\/p>\n","protected":false},"author":3,"featured_media":0,"parent":2560,"menu_order":100,"comment_status":"closed","ping_status":"closed","template":"","meta":{"footnotes":""},"class_list":["post-2619","page","type-page","status-publish","hentry"],"_links":{"self":[{"href":"https:\/\/www.hinnerup.net\/en\/wp-json\/wp\/v2\/pages\/2619","targetHints":{"allow":["GET"]}}],"collection":[{"href":"https:\/\/www.hinnerup.net\/en\/wp-json\/wp\/v2\/pages"}],"about":[{"href":"https:\/\/www.hinnerup.net\/en\/wp-json\/wp\/v2\/types\/page"}],"author":[{"embeddable":true,"href":"https:\/\/www.hinnerup.net\/en\/wp-json\/wp\/v2\/users\/3"}],"replies":[{"embeddable":true,"href":"https:\/\/www.hinnerup.net\/en\/wp-json\/wp\/v2\/comments?post=2619"}],"version-history":[{"count":11,"href":"https:\/\/www.hinnerup.net\/en\/wp-json\/wp\/v2\/pages\/2619\/revisions"}],"predecessor-version":[{"id":2648,"href":"https:\/\/www.hinnerup.net\/en\/wp-json\/wp\/v2\/pages\/2619\/revisions\/2648"}],"up":[{"embeddable":true,"href":"https:\/\/www.hinnerup.net\/en\/wp-json\/wp\/v2\/pages\/2560"}],"wp:attachment":[{"href":"https:\/\/www.hinnerup.net\/en\/wp-json\/wp\/v2\/media?parent=2619"}],"curies":[{"name":"wp","href":"https:\/\/api.w.org\/{rel}","templated":true}]}}